{"id":1235,"date":"2020-01-09T08:23:25","date_gmt":"2020-01-09T08:23:25","guid":{"rendered":"https:\/\/mountain-deluxe.com\/?page_id=1235"},"modified":"2020-01-09T10:21:44","modified_gmt":"2020-01-09T10:21:44","slug":"montafon-sommer","status":"publish","type":"page","link":"https:\/\/mountain-deluxe.com\/index.php\/montafon-sommer\/","title":{"rendered":"Montafon Sommer"},"content":{"rendered":"<div class=\"wpb-content-wrapper\"><p>[vc_row][vc_column][vc_custom_heading text=&#8221;Sommer in der Silvretta Montafon&#8221; font_container=&#8221;tag:h1|text_align:center&#8221;][vc_separator color=&#8221;pink&#8221;][vc_custom_heading text=&#8221;Rauf auf den Berg, rein ins Vergn\u00fcgen&#8221; font_container=&#8221;tag:h3|text_align:center|color:%231e73be&#8221;][vc_column_text]Man nehme eine gro\u00dfz\u00fcgige Portion faszinierende Naturlandschaft, mische diese mit unvergesslichen Gl\u00fccksmomenten und gebe eine Prise Bergsommer dazu. Und schon hat man sie \u2013 die perfekte Location f\u00fcr den n\u00e4chsten Sommerurlaub in den Bergen: die Silvretta Montafon.<\/p>\n<p>Was die Silvretta Montafon von anderen Urlaubsregionen unterscheidet? Nun, so einiges: Da w\u00e4re etwa die ehrliche Herzlichkeit der Gastgeber. Die zahlreichen M\u00f6glichkeiten, Land, Kultur und Kulinarik kennen \u2013 und lieben \u2013 zu lernen. Oder aber der Aktivit\u00e4tenreichtum f\u00fcr Sport-, Entspannungs- oder Familienurlaub.[\/vc_column_text][vc_media_grid element_width=&#8221;3&#8243; grid_id=&#8221;vc_gid:1578564853287-7d715da6-5b17-0&#8243; include=&#8221;1246,1247,1248,1249&#8243;][vc_custom_heading text=&#8221;Eine Region \u2013 unendlich viele M\u00f6glichkeiten&#8221; font_container=&#8221;tag:h3|text_align:center|color:%23dd3333&#8243;][vc_column_text]500 Kilometer Wanderwege. 270 Kilometer an Rad-, MTB- und E-Bikestrecken. <a href=\"https:\/\/www.silvretta-montafon.at\/de\/sommer\/sommeraktivitaeten\/klettern\">Klettersteige<\/a>\u00a0f\u00fcr Anf\u00e4nger ebenso wie f\u00fcr passionierte Felsakrobaten. Bergerlebnisse vom Campen am Berg\u00a0oder einer <a href=\"https:\/\/www.silvretta-montafon.at\/de\/sommer\/Weinprobe_erlebnis_310844\">Weinprobe<\/a> auf \u00fcber 2.000 Metern Seeh\u00f6he bis zu einer <a href=\"https:\/\/www.silvretta-montafon.at\/de\/sommer\/Schatzsuche-Garfrescha_erlebnis_345\">Schatzsuche in Garfrescha<\/a>\u00a0&#8230; Die Liste an Aktivit\u00e4ten im Montafon k\u00f6nnte noch lange so weitergef\u00fchrt werden. Am besten, du \u00fcberzeugst dich selbst von der Vielfalt der Region![\/vc_column_text][vc_media_grid item=&#8221;masonryMedia_ScaleWithContentBlock&#8221; grid_id=&#8221;vc_gid:1578565140023-a59104f9-8deb-9&#8243; include=&#8221;1250,1251,1252,1253,1254,1255&#8243;][vc_btn title=&#8221;WEITERLESEN&#8221; shape=&#8221;round&#8221; color=&#8221;danger&#8221; size=&#8221;lg&#8221; align=&#8221;center&#8221; button_block=&#8221;true&#8221; link=&#8221;url:https%3A%2F%2Fwww.silvretta-montafon.at%2Fde%2Fsommer||target:%20_blank|&#8221;][\/vc_column][\/vc_row]<\/p>\n<\/div>","protected":false},"excerpt":{"rendered":"<p>[vc_row][vc_column][vc_custom_heading text=&#8221;Sommer in der Silvretta Montafon&#8221; font_container=&#8221;tag:h1|text_align:center&#8221;][vc_separator color=&#8221;pink&#8221;][vc_custom_heading text=&#8221;Rauf auf den Berg, rein ins Vergn\u00fcgen&#8221; font_container=&#8221;tag:h3|text_align:center|color:%231e73be&#8221;][vc_column_text]Man nehme eine gro\u00dfz\u00fcgige Portion&#8230;<\/p>\n","protected":false},"author":2,"featured_media":0,"parent":0,"menu_order":0,"comment_status":"closed","ping_status":"closed","template":"","meta":{"footnotes":""},"class_list":["post-1235","page","type-page","status-publish"],"_links":{"self":[{"href":"https:\/\/mountain-deluxe.com\/index.php\/wp-json\/wp\/v2\/pages\/1235","targetHints":{"allow":["GET"]}}],"collection":[{"href":"https:\/\/mountain-deluxe.com\/index.php\/wp-json\/wp\/v2\/pages"}],"about":[{"href":"https:\/\/mountain-deluxe.com\/index.php\/wp-json\/wp\/v2\/types\/page"}],"author":[{"embeddable":true,"href":"https:\/\/mountain-deluxe.com\/index.php\/wp-json\/wp\/v2\/users\/2"}],"replies":[{"embeddable":true,"href":"https:\/\/mountain-deluxe.com\/index.php\/wp-json\/wp\/v2\/comments?post=1235"}],"version-history":[{"count":6,"href":"https:\/\/mountain-deluxe.com\/index.php\/wp-json\/wp\/v2\/pages\/1235\/revisions"}],"predecessor-version":[{"id":1257,"href":"https:\/\/mountain-deluxe.com\/index.php\/wp-json\/wp\/v2\/pages\/1235\/revisions\/1257"}],"wp:attachment":[{"href":"https:\/\/mountain-deluxe.com\/index.php\/wp-json\/wp\/v2\/media?parent=1235"}],"curies":[{"name":"wp","href":"https:\/\/api.w.org\/{rel}","templated":true}]}}