{"id":1134,"date":"2019-12-13T10:19:44","date_gmt":"2019-12-13T10:19:44","guid":{"rendered":"https:\/\/mountain-deluxe.com\/?page_id=1134"},"modified":"2020-01-09T10:24:28","modified_gmt":"2020-01-09T10:24:28","slug":"montafon-winter","status":"publish","type":"page","link":"https:\/\/mountain-deluxe.com\/index.php\/montafon-winter\/","title":{"rendered":"Montafon Winter"},"content":{"rendered":"<div class=\"wpb-content-wrapper\"><p>[vc_row][vc_column][vc_column_text][\/vc_column_text][vc_custom_heading text=&#8221;Winterurlaub in der Silvretta Montafon&#8221; font_container=&#8221;tag:h1|text_align:center&#8221;][vc_separator color=&#8221;pink&#8221;][vc_custom_heading text=&#8221;Sportliche Auszeit in den Bergen Vorarlbergs&#8221; font_container=&#8221;tag:h3|text_align:center|color:%231e73be&#8221;][vc_column_text]Die l\u00e4ngste Talabfahrt Vorarlbergs. Pisten mit Neigungen zum Niederknien. Ein weitl\u00e4ufiges Backcountry, das das Gef\u00fchl von Freiheit weckt. Einzigartige Bergerlebnisse, die zum Staunen bringen und f\u00fcr unvergessliche Momente sorgen. Kulinarik-Hotspots \u2013 so vielseitig wie du. Gastgeber, die dich mit einem breiten L\u00e4cheln empfangen und mit Insidertipps versorgen. All das macht das Skigebiet Silvretta Montafon aus. Und noch viel mehr \u2026<\/p>\n<p>Na? Sp\u00fcrst du es auch? Das Kribbeln in Zehenspitzen und Fingern? Und das Verlangen, alles stehen und liegen zu lassen, auf die Ski oder das Board zu springen und loszufahren? Dann nichts wie los in die Silvretta Montafon![\/vc_column_text][vc_media_grid element_width=&#8221;3&#8243; grid_id=&#8221;vc_gid:1578565448604-ac68e18246157f0c8662fde7b1891125-10&#8243; include=&#8221;1220,1218,1217,1219&#8243;][vc_custom_heading text=&#8221;Silvretta Montafon: das sportlichste Skigebiet \u00d6sterreichs&#8221; font_container=&#8221;tag:h3|text_align:center|color:%23dd3333&#8243;][vc_column_text]140 Pistenkilometer. Die l\u00e4ngste Talabfahrt Vorarlbergs. 35 Liftanlagen. 70 Freeride-Routen. Top ausgebildete Skilehrer, die f\u00fcr das n\u00f6tige Know-how am Berg sorgen. Off-Piste-Abenteuer, die G\u00e4nsehaut und Nervenkitzel garantieren. Snowpark, Rennstrecken und vieles mehr.<\/p>\n<p><strong>Du siehst: <\/strong>Nicht ohne Grund liegt dir im Montafon in Vorarlberg das sportlichste Skigebiet \u00d6sterreichs zu F\u00fc\u00dfen.[\/vc_column_text][vc_media_grid item=&#8221;masonryMedia_ScaleWithContentBlock&#8221; grid_id=&#8221;vc_gid:1578565448653-cf959c861dcbd7fee83e632ecf42ca22-9&#8243; include=&#8221;1223,1224,1225,1226,1228,1227&#8243;][vc_btn title=&#8221;WEITERLESEN&#8221; shape=&#8221;round&#8221; color=&#8221;danger&#8221; size=&#8221;lg&#8221; align=&#8221;center&#8221; button_block=&#8221;true&#8221; link=&#8221;url:https%3A%2F%2Fwww.silvretta-montafon.at%2Fde%2Fwinter||target:%20_blank|&#8221;][\/vc_column][\/vc_row]<\/p>\n<\/div>","protected":false},"excerpt":{"rendered":"<p>[vc_row][vc_column][vc_column_text][\/vc_column_text][vc_custom_heading text=&#8221;Winterurlaub in der Silvretta Montafon&#8221; font_container=&#8221;tag:h1|text_align:center&#8221;][vc_separator color=&#8221;pink&#8221;][vc_custom_heading text=&#8221;Sportliche Auszeit in den Bergen Vorarlbergs&#8221; font_container=&#8221;tag:h3|text_align:center|color:%231e73be&#8221;][vc_column_text]Die l\u00e4ngste Talabfahrt Vorarlbergs. Pisten mit&#8230;<\/p>\n","protected":false},"author":2,"featured_media":0,"parent":0,"menu_order":0,"comment_status":"closed","ping_status":"closed","template":"","meta":{"footnotes":""},"class_list":["post-1134","page","type-page","status-publish"],"_links":{"self":[{"href":"https:\/\/mountain-deluxe.com\/index.php\/wp-json\/wp\/v2\/pages\/1134","targetHints":{"allow":["GET"]}}],"collection":[{"href":"https:\/\/mountain-deluxe.com\/index.php\/wp-json\/wp\/v2\/pages"}],"about":[{"href":"https:\/\/mountain-deluxe.com\/index.php\/wp-json\/wp\/v2\/types\/page"}],"author":[{"embeddable":true,"href":"https:\/\/mountain-deluxe.com\/index.php\/wp-json\/wp\/v2\/users\/2"}],"replies":[{"embeddable":true,"href":"https:\/\/mountain-deluxe.com\/index.php\/wp-json\/wp\/v2\/comments?post=1134"}],"version-history":[{"count":8,"href":"https:\/\/mountain-deluxe.com\/index.php\/wp-json\/wp\/v2\/pages\/1134\/revisions"}],"predecessor-version":[{"id":1258,"href":"https:\/\/mountain-deluxe.com\/index.php\/wp-json\/wp\/v2\/pages\/1134\/revisions\/1258"}],"wp:attachment":[{"href":"https:\/\/mountain-deluxe.com\/index.php\/wp-json\/wp\/v2\/media?parent=1134"}],"curies":[{"name":"wp","href":"https:\/\/api.w.org\/{rel}","templated":true}]}}